{"id":13170,"date":"2018-01-26T14:50:37","date_gmt":"2018-01-26T13:50:37","guid":{"rendered":"https:\/\/www.pantelco.be\/algemene-voorwaarden\/"},"modified":"2023-02-10T12:28:05","modified_gmt":"2023-02-10T11:28:05","slug":"conditions-generales","status":"publish","type":"page","link":"https:\/\/www.pantelco.be\/fr\/conditions-generales\/","title":{"rendered":"Conditions G\u00e9n\u00e9rales"},"content":{"rendered":"\t\t<div data-elementor-type=\"wp-page\" data-elementor-id=\"13170\" class=\"elementor elementor-13170 elementor-774\" data-elementor-post-type=\"page\">\n\t\t\t\t\t\t<section class=\"elementor-section elementor-top-section elementor-element elementor-element-e39c1ab elementor-section-height-min-height elementor-section-boxed elementor-section-height-default elementor-section-items-middle\" data-id=\"e39c1ab\" data-element_type=\"section\" data-e-type=\"section\" data-settings=\"{&quot;background_background&quot;:&quot;classic&quot;}\">\n\t\t\t\t\t\t\t<div class=\"elementor-background-overlay\"><\/div>\n\t\t\t\t\t\t\t<div class=\"elementor-container elementor-column-gap-default\">\n\t\t\t\t\t<div class=\"elementor-column elementor-col-100 elementor-top-column elementor-element elementor-element-93c60a0\" data-id=\"93c60a0\" data-element_type=\"column\" data-e-type=\"column\">\n\t\t\t<div class=\"elementor-widget-wrap elementor-element-populated\">\n\t\t\t\t\t\t<div class=\"elementor-element elementor-element-b2e3298 elementor-widget elementor-widget-heading\" data-id=\"b2e3298\" data-element_type=\"widget\" data-e-type=\"widget\" data-widget_type=\"heading.default\">\n\t\t\t\t<div class=\"elementor-widget-container\">\n\t\t\t\t\t<h1 class=\"elementor-heading-title elementor-size-default\">Conditions g\u00e9n\u00e9rales<\/h1>\t\t\t\t<\/div>\n\t\t\t\t<\/div>\n\t\t\t\t\t<\/div>\n\t\t<\/div>\n\t\t\t\t\t<\/div>\n\t\t<\/section>\n\t\t\t\t<section class=\"elementor-section elementor-top-section elementor-element elementor-element-6e7f6e5a elementor-section-boxed elementor-section-height-default elementor-section-height-default\" data-id=\"6e7f6e5a\" data-element_type=\"section\" data-e-type=\"section\">\n\t\t\t\t\t\t<div class=\"elementor-container elementor-column-gap-default\">\n\t\t\t\t\t<div class=\"elementor-column elementor-col-100 elementor-top-column elementor-element elementor-element-26cbf64\" data-id=\"26cbf64\" data-element_type=\"column\" data-e-type=\"column\">\n\t\t\t<div class=\"elementor-widget-wrap elementor-element-populated\">\n\t\t\t\t\t\t<div class=\"elementor-element elementor-element-2645303e elementor-widget elementor-widget-text-editor\" data-id=\"2645303e\" data-element_type=\"widget\" data-e-type=\"widget\" data-widget_type=\"text-editor.default\">\n\t\t\t\t<div class=\"elementor-widget-container\">\n\t\t\t\t\t\t\t\t\t<p><strong>Les conditions g\u00e9n\u00e9rales de Pantelco<\/strong><\/p><p><br \/>Accord entre l&rsquo;utilisateur et Pantelco<\/p><p>Le site Web de Pantelco se compose de plusieurs pages Web et est exploit\u00e9 par Pantelco.<\/p><p>Le site web de Pantelco vous est propos\u00e9 \u00e0 la condition que vous l&rsquo;acceptiez. Et ce, sans aucune modification des termes, conditions et avis contenus dans le pr\u00e9sent document. En utilisant ce site Web Pantelco, vous acceptez tous ces termes, conditions et avis.<\/p><p>Modification des pr\u00e9sentes conditions g\u00e9n\u00e9rales<\/p><p>Pantelco se r\u00e9serve le droit de modifier les termes, conditions et avis offerts par le site web de Pantelco. Cela comprend, sans s&rsquo;y limiter, les frais associ\u00e9s \u00e0 l&rsquo;utilisation du site web de Pantelco.<\/p><p>Liens vers des tiers<\/p><p>Le site web de Pantelco peut contenir des liens vers d&rsquo;autres sites web (\u00ab\u00a0sites li\u00e9s\u00a0\u00bb). Les sites li\u00e9s ne sont pas sous le contr\u00f4le de Jobmotivation et Pantelco n&rsquo;est pas responsable du contenu de ces sites. Cela inclut, sans s&rsquo;y limiter, tout lien contenu dans un site li\u00e9. Pantelco n&rsquo;est pas responsable du webcasting ou de toute autre forme de transmission re\u00e7ue d&rsquo;un site li\u00e9. Pantelco vous fournit ces liens uniquement \u00e0 titre de commodit\u00e9. L&rsquo;inclusion d&rsquo;un lien n&rsquo;implique pas l&rsquo;approbation du site par Pantelco. Ni aucune association avec ses op\u00e9rateurs.<\/p><p>Pas d&rsquo;utilisation ill\u00e9gale ou interdite<\/p><p>Comme condition de votre utilisation du site Web de Pantelco, vous garantissez que vous n&rsquo;utiliserez pas le site Web de Pantelco \u00e0 des fins ill\u00e9gales ou interdites par ces termes, conditions et avis. Vous ne pouvez pas utiliser le site Web de Pantelco d&rsquo;une mani\u00e8re susceptible d&rsquo;endommager, de d\u00e9sactiver, de surcharger ou d&rsquo;alt\u00e9rer le site Web de Pantelco. Ou interf\u00e9rer avec l&rsquo;utilisation du site Web de Pantelco par toute autre partie. Il vous est \u00e9galement interdit d&rsquo;obtenir ou de tenter d&rsquo;obtenir tout mat\u00e9riel ou information par quelque moyen que ce soit. Et ce, s&rsquo;il n&rsquo;est pas mis \u00e0 disposition ou fourni \u00e0 cette fin par les sites web de Pantelco.<\/p><p>Utilisation des services de communication<\/p><p>Le site Web de Pantelco peut contenir des zones de discussion, des groupes de nouvelles, des forums, des communaut\u00e9s, des pages Web personnelles, des calendriers et\/ou d&rsquo;autres dispositifs de messagerie ou de communication. sont con\u00e7us pour vous permettre de communiquer avec le public ou un groupe (collectivement, les \u00ab\u00a0services de communication\u00a0\u00bb). Vous acceptez d&rsquo;utiliser ces services de communication uniquement pour publier, envoyer ou recevoir des messages et des documents qui sont appropri\u00e9s et li\u00e9s au service de communication en question. \u00c0 titre d&rsquo;exemple, et sans que cela soit limitatif, vous acceptez que, lorsque vous utilisez un service de communication, vous ne fassiez rien :<\/p><p>Harceler, abuser, traquer, menacer ou violer les droits l\u00e9gaux (tels que les droits \u00e0 la vie priv\u00e9e et \u00e0 la publicit\u00e9) d&rsquo;autrui.<br \/>Publier, afficher, t\u00e9l\u00e9charger, distribuer ou diffuser tout sujet, nom, mat\u00e9riel ou information inappropri\u00e9, profane, diffamatoire, contrevenant, obsc\u00e8ne ou ill\u00e9gal.<br \/>T\u00e9l\u00e9charger des fichiers qui contiennent des logiciels ou d&rsquo;autres \u00e9l\u00e9ments prot\u00e9g\u00e9s par les lois sur la propri\u00e9t\u00e9 intellectuelle (ou par les droits \u00e0 la vie priv\u00e9e et \u00e0 la publicit\u00e9), \u00e0 moins que vous ne poss\u00e9diez ou ne contr\u00f4liez les droits y aff\u00e9rents ou que vous ayez re\u00e7u toutes les autorisations n\u00e9cessaires.<\/p><p><br \/>Utilisation des services de communication (suite)<\/p><p><br \/>T\u00e9l\u00e9charger des fichiers qui contiennent des virus, des fichiers corrompus ou tout autre logiciel ou programme similaire susceptible d&rsquo;endommager le fonctionnement d&rsquo;un autre ordinateur.<br \/>Faire de la publicit\u00e9 ou proposer de vendre ou d&rsquo;acheter des biens ou des services \u00e0 des fins commerciales, sauf si le service de communication autorise de tels messages.<br \/>Mener ou transmettre des enqu\u00eates, des concours, des op\u00e9rations pyramidales ou des cha\u00eenes de lettres.<br \/>T\u00e9l\u00e9charger tout fichier publi\u00e9 par un autre utilisateur d&rsquo;un service de communication dont vous savez, ou devriez raisonnablement savoir, qu&rsquo;il ne peut \u00eatre distribu\u00e9 l\u00e9galement.<br \/>Falsifier ou supprimer toute attribution d&rsquo;auteur, tout avis l\u00e9gal ou autre avis appropri\u00e9 ou toute d\u00e9signation de propri\u00e9t\u00e9.<br \/>Restreindre ou emp\u00eacher tout autre utilisateur d&rsquo;utiliser les services de communication.<br \/>violer tout code de conduite ou toute autre directive applicable \u00e0 un service de communication particulier.<br \/>R\u00e9colter ou collecter de toute autre mani\u00e8re des informations sur d&rsquo;autres personnes, y compris des adresses \u00e9lectroniques, sans leur consentement.<\/p><div>\u00a0<\/div><div><p>Utilisation des services de communication (suite)<\/p><p>\u00a0<\/p><p>Pantelco n&rsquo;a aucune obligation de surveiller les services de communication. Toutefois, Pantelco se r\u00e9serve le droit d&rsquo;examiner les documents publi\u00e9s dans un service de communication et de supprimer tout document \u00e0 sa seule discr\u00e9tion. Pantelco se r\u00e9serve le droit de mettre fin \u00e0 votre acc\u00e8s \u00e0 tout ou partie des services de communication \u00e0 tout moment sans pr\u00e9avis et pour quelque raison que ce soit.<\/p><p>Pantelco se r\u00e9serve le droit de divulguer \u00e0 tout moment toute information n\u00e9cessaire pour satisfaire \u00e0 toute loi, r\u00e9glementation, proc\u00e9dure l\u00e9gale ou demande gouvernementale applicable, ou de modifier, refuser de publier ou supprimer toute information ou tout mat\u00e9riel sur Pantelco, en tout ou en partie, \u00e0 la seule discr\u00e9tion de Pantelco.<\/p><p>Pantelco ne contr\u00f4le pas et n&rsquo;approuve pas le contenu, les messages ou les informations trouv\u00e9s dans tout service de communication. Par cons\u00e9quent, Pantelco d\u00e9cline sp\u00e9cifiquement toute responsabilit\u00e9 en ce qui concerne les services de communication et toute action r\u00e9sultant de votre participation \u00e0 un service de communication. Les gestionnaires et les h\u00f4tes ne sont pas des porte-parole autoris\u00e9s de Pantelco, et leurs opinions ne refl\u00e8tent pas n\u00e9cessairement celles de Pantelco.<\/p><p>Les documents t\u00e9l\u00e9charg\u00e9s vers un service de communication peuvent \u00eatre soumis \u00e0 des limitations d&rsquo;utilisation, de reproduction et\/ou de diffusion. Vous \u00eates responsable du respect de ces limitations si vous t\u00e9l\u00e9chargez le mat\u00e9riel.<br \/>Mat\u00e9riel fourni \u00e0 Pantelco ou publi\u00e9 sur un site Web de Pantelco<\/p><p>Pantelco ne revendique pas la propri\u00e9t\u00e9 des documents que vous fournissez \u00e0 Pantelco (y compris les commentaires et les suggestions) ou que vous publiez, t\u00e9l\u00e9chargez ou saisissez sur le site Web de Pantelco et ses services associ\u00e9s (collectivement, les \u00ab\u00a0soumissions\u00a0\u00bb). Vous conservez la propri\u00e9t\u00e9 de la soumission \u00e0 tout moment. Toutefois, en publiant, t\u00e9l\u00e9chargeant, saisissant, fournissant ou soumettant votre soumission, vous accordez \u00e0 Pantelco et \u00e0 ses soci\u00e9t\u00e9s affili\u00e9es la permission d&rsquo;utiliser votre soumission. Ceci pour l&rsquo;exploitation de leurs activit\u00e9s sur Internet, y compris, sans limitation, les droits de : copier, distribuer, transmettre, afficher publiquement, ex\u00e9cuter publiquement. ainsi que de reproduire, \u00e9diter, traduire et reformater votre soumission ; et de publier votre nom en relation avec votre soumission.<\/p><p>Aucune compensation ne sera vers\u00e9e en ce qui concerne l&rsquo;utilisation de votre soumission, comme pr\u00e9vu dans les pr\u00e9sentes. Pantelco n&rsquo;a aucune obligation d&rsquo;utiliser la soumission et peut la retirer \u00e0 tout moment \u00e0 la seule discr\u00e9tion de Pantelco.<\/p><p>En publiant, t\u00e9l\u00e9chargeant, saisissant, fournissant ou soumettant votre soumission, vous garantissez que vous poss\u00e9dez ou avez le contr\u00f4le l\u00e9gal des droits.<\/p><p>Responsabilit\u00e9 civile<\/p><p>Les informations, logiciels, produits et services inclus ou disponibles sur le site web de Pantelco peuvent contenir des inexactitudes ou des erreurs typographiques. Des modifications sont apport\u00e9es p\u00e9riodiquement \u00e0 ces informations. Jobmotivation et\/ou ses fournisseurs peuvent \u00e0 tout moment apporter des am\u00e9liorations et\/ou des modifications au site Pantelco . Les conseils re\u00e7us par le biais du site Web de Pantelco ne doivent pas \u00eatre utilis\u00e9s pour des d\u00e9cisions personnelles, m\u00e9dicales, juridiques ou financi\u00e8res.<\/p><p>Dans la mesure maximale autoris\u00e9e par la loi applicable, Pantelco et\/ou ses fournisseurs ne pourront en aucun cas \u00eatre tenus responsables de tout dommage direct, indirect, accessoire, sp\u00e9cial, cons\u00e9cutif ou autre, y compris, mais sans s&rsquo;y limiter, les dommages pour perte d&rsquo;utilisation ou de donn\u00e9es r\u00e9sultant de l&rsquo;utilisation du site web de Pantelco.<\/p><p>R\u00e9siliation \/ restriction d&rsquo;acc\u00e8s<\/p><p>Pantelco se r\u00e9serve le droit, \u00e0 sa seule discr\u00e9tion, de mettre fin \u00e0 votre acc\u00e8s au site Web de Pantelco et aux services connexes ou \u00e0 toute partie de ceux-ci \u00e0 tout moment, sans pr\u00e9avis.<\/p><p>\u00a0<\/p><p>Droit d&rsquo;auteur et droit des marques<\/p><p>Le contenu du site Jobmotivation est www.Pantelco.be. Copyright Pantelco et\/ou ses fournisseurs. Tous droits r\u00e9serv\u00e9s.<\/p><p>Marques commerciales<\/p><p>Les noms, soci\u00e9t\u00e9s et produits mentionn\u00e9s dans le pr\u00e9sent document peuvent \u00eatre des marques commerciales de leurs propri\u00e9taires respectifs.<\/p><p>Tous les exemples d&rsquo;entreprises, d&rsquo;organisations, de produits, de personnes et d&rsquo;\u00e9v\u00e9nements sont fictifs. Aucune association avec une entreprise, une organisation, un produit, une personne ou un \u00e9v\u00e9nement r\u00e9el n&rsquo;est pr\u00e9vue ou ne doit \u00eatre d\u00e9duite.<\/p><p>Tous les droits non express\u00e9ment accord\u00e9s dans le pr\u00e9sent document sont r\u00e9serv\u00e9s.<\/p><p>Pantelco bv, Kerkgate 18 9700 Oudenaarde BE 0471 462 164<br \/>Conditions g\u00e9n\u00e9rales<\/p><p><br \/>\u00a0Pour votre information : <a href=\"https:\/\/www.pantelco.be\/fr\/team-pantelco\/\">L&rsquo;\u00e9quipe peut \u00eatre trouv\u00e9e ici.<\/a><\/p><\/div>\t\t\t\t\t\t\t\t<\/div>\n\t\t\t\t<\/div>\n\t\t\t\t\t<\/div>\n\t\t<\/div>\n\t\t\t\t\t<\/div>\n\t\t<\/section>\n\t\t\t\t<\/div>\n\t\t","protected":false},"excerpt":{"rendered":"<p>Conditions g\u00e9n\u00e9rales Les conditions g\u00e9n\u00e9rales de Pantelco Accord entre l&rsquo;utilisateur et Pantelco Le site Web de Pantelco se compose de plusieurs pages Web et est exploit\u00e9 par Pantelco. Le site web de Pantelco vous est propos\u00e9 \u00e0 la condition que vous l&rsquo;acceptiez. Et ce, sans aucune modification des termes, conditions et avis contenus dans le [&hellip;]<\/p>\n","protected":false},"author":9,"featured_media":0,"parent":0,"menu_order":0,"comment_status":"closed","ping_status":"closed","template":"elementor_header_footer","meta":{"footnotes":""},"class_list":["post-13170","page","type-page","status-publish","hentry"],"yoast_head":"<!-- This site is optimized with the Yoast SEO plugin v27.4 - https:\/\/yoast.com\/product\/yoast-seo-wordpress\/ -->\n<title>Conditions G\u00e9n\u00e9rales - Pantelco<\/title>\n<meta name=\"description\" content=\"Ici les conditions g\u00e9n\u00e9rales de Pantelco. Vous trouvez ici toutes sortes d&#039;informations et et les conditions.\" \/>\n<meta name=\"robots\" content=\"index, follow, max-snippet:-1, max-image-preview:large, max-video-preview:-1\" \/>\n<link rel=\"canonical\" href=\"https:\/\/www.pantelco.be\/fr\/conditions-generales\/\" \/>\n<meta property=\"og:locale\" content=\"fr_FR\" \/>\n<meta property=\"og:type\" content=\"article\" \/>\n<meta property=\"og:title\" content=\"Conditions G\u00e9n\u00e9rales - Pantelco\" \/>\n<meta property=\"og:description\" content=\"Ici les conditions g\u00e9n\u00e9rales de Pantelco. Vous trouvez ici toutes sortes d&#039;informations et et les conditions.\" \/>\n<meta property=\"og:url\" content=\"https:\/\/www.pantelco.be\/fr\/conditions-generales\/\" \/>\n<meta property=\"og:site_name\" content=\"Pantelco\" \/>\n<meta property=\"article:modified_time\" content=\"2023-02-10T11:28:05+00:00\" \/>\n<meta name=\"twitter:card\" content=\"summary_large_image\" \/>\n<meta name=\"twitter:site\" content=\"@pantelco\" \/>\n<meta name=\"twitter:label1\" content=\"Dur\u00e9e de lecture estim\u00e9e\" \/>\n\t<meta name=\"twitter:data1\" content=\"7 minutes\" \/>\n<script type=\"application\/ld+json\" class=\"yoast-schema-graph\">{\"@context\":\"https:\\\/\\\/schema.org\",\"@graph\":[{\"@type\":\"WebPage\",\"@id\":\"https:\\\/\\\/www.pantelco.be\\\/fr\\\/conditions-generales\\\/\",\"url\":\"https:\\\/\\\/www.pantelco.be\\\/fr\\\/conditions-generales\\\/\",\"name\":\"Conditions G\u00e9n\u00e9rales - Pantelco\",\"isPartOf\":{\"@id\":\"https:\\\/\\\/www.pantelco.be\\\/fr\\\/#website\"},\"datePublished\":\"2018-01-26T13:50:37+00:00\",\"dateModified\":\"2023-02-10T11:28:05+00:00\",\"description\":\"Ici les conditions g\u00e9n\u00e9rales de Pantelco. Vous trouvez ici toutes sortes d'informations et et les conditions.\",\"breadcrumb\":{\"@id\":\"https:\\\/\\\/www.pantelco.be\\\/fr\\\/conditions-generales\\\/#breadcrumb\"},\"inLanguage\":\"fr-FR\",\"potentialAction\":[{\"@type\":\"ReadAction\",\"target\":[\"https:\\\/\\\/www.pantelco.be\\\/fr\\\/conditions-generales\\\/\"]}]},{\"@type\":\"BreadcrumbList\",\"@id\":\"https:\\\/\\\/www.pantelco.be\\\/fr\\\/conditions-generales\\\/#breadcrumb\",\"itemListElement\":[{\"@type\":\"ListItem\",\"position\":1,\"name\":\"Home\",\"item\":\"https:\\\/\\\/www.pantelco.be\\\/fr\\\/\"},{\"@type\":\"ListItem\",\"position\":2,\"name\":\"Conditions G\u00e9n\u00e9rales\"}]},{\"@type\":\"WebSite\",\"@id\":\"https:\\\/\\\/www.pantelco.be\\\/fr\\\/#website\",\"url\":\"https:\\\/\\\/www.pantelco.be\\\/fr\\\/\",\"name\":\"Pantelco\",\"description\":\"Voor Customer Service en Contact Centers\",\"publisher\":{\"@id\":\"https:\\\/\\\/www.pantelco.be\\\/fr\\\/#organization\"},\"potentialAction\":[{\"@type\":\"SearchAction\",\"target\":{\"@type\":\"EntryPoint\",\"urlTemplate\":\"https:\\\/\\\/www.pantelco.be\\\/fr\\\/?s={search_term_string}\"},\"query-input\":{\"@type\":\"PropertyValueSpecification\",\"valueRequired\":true,\"valueName\":\"search_term_string\"}}],\"inLanguage\":\"fr-FR\"},{\"@type\":\"Organization\",\"@id\":\"https:\\\/\\\/www.pantelco.be\\\/fr\\\/#organization\",\"name\":\"Pantelco\",\"url\":\"https:\\\/\\\/www.pantelco.be\\\/fr\\\/\",\"logo\":{\"@type\":\"ImageObject\",\"inLanguage\":\"fr-FR\",\"@id\":\"https:\\\/\\\/www.pantelco.be\\\/fr\\\/#\\\/schema\\\/logo\\\/image\\\/\",\"url\":\"https:\\\/\\\/www.pantelco.be\\\/wp-content\\\/uploads\\\/pantelco-Voor-Customer-Service-en-Contact-Centers.png\",\"contentUrl\":\"https:\\\/\\\/www.pantelco.be\\\/wp-content\\\/uploads\\\/pantelco-Voor-Customer-Service-en-Contact-Centers.png\",\"width\":752,\"height\":325,\"caption\":\"Pantelco\"},\"image\":{\"@id\":\"https:\\\/\\\/www.pantelco.be\\\/fr\\\/#\\\/schema\\\/logo\\\/image\\\/\"},\"sameAs\":[\"https:\\\/\\\/x.com\\\/pantelco\",\"https:\\\/\\\/www.linkedin.com\\\/in\\\/pantelco\"]}]}<\/script>\n<!-- \/ Yoast SEO plugin. -->","yoast_head_json":{"title":"Conditions G\u00e9n\u00e9rales - Pantelco","description":"Ici les conditions g\u00e9n\u00e9rales de Pantelco. Vous trouvez ici toutes sortes d'informations et et les conditions.","robots":{"index":"index","follow":"follow","max-snippet":"max-snippet:-1","max-image-preview":"max-image-preview:large","max-video-preview":"max-video-preview:-1"},"canonical":"https:\/\/www.pantelco.be\/fr\/conditions-generales\/","og_locale":"fr_FR","og_type":"article","og_title":"Conditions G\u00e9n\u00e9rales - Pantelco","og_description":"Ici les conditions g\u00e9n\u00e9rales de Pantelco. Vous trouvez ici toutes sortes d'informations et et les conditions.","og_url":"https:\/\/www.pantelco.be\/fr\/conditions-generales\/","og_site_name":"Pantelco","article_modified_time":"2023-02-10T11:28:05+00:00","twitter_card":"summary_large_image","twitter_site":"@pantelco","twitter_misc":{"Dur\u00e9e de lecture estim\u00e9e":"7 minutes"},"schema":{"@context":"https:\/\/schema.org","@graph":[{"@type":"WebPage","@id":"https:\/\/www.pantelco.be\/fr\/conditions-generales\/","url":"https:\/\/www.pantelco.be\/fr\/conditions-generales\/","name":"Conditions G\u00e9n\u00e9rales - Pantelco","isPartOf":{"@id":"https:\/\/www.pantelco.be\/fr\/#website"},"datePublished":"2018-01-26T13:50:37+00:00","dateModified":"2023-02-10T11:28:05+00:00","description":"Ici les conditions g\u00e9n\u00e9rales de Pantelco. Vous trouvez ici toutes sortes d'informations et et les conditions.","breadcrumb":{"@id":"https:\/\/www.pantelco.be\/fr\/conditions-generales\/#breadcrumb"},"inLanguage":"fr-FR","potentialAction":[{"@type":"ReadAction","target":["https:\/\/www.pantelco.be\/fr\/conditions-generales\/"]}]},{"@type":"BreadcrumbList","@id":"https:\/\/www.pantelco.be\/fr\/conditions-generales\/#breadcrumb","itemListElement":[{"@type":"ListItem","position":1,"name":"Home","item":"https:\/\/www.pantelco.be\/fr\/"},{"@type":"ListItem","position":2,"name":"Conditions G\u00e9n\u00e9rales"}]},{"@type":"WebSite","@id":"https:\/\/www.pantelco.be\/fr\/#website","url":"https:\/\/www.pantelco.be\/fr\/","name":"Pantelco","description":"Voor Customer Service en Contact Centers","publisher":{"@id":"https:\/\/www.pantelco.be\/fr\/#organization"},"potentialAction":[{"@type":"SearchAction","target":{"@type":"EntryPoint","urlTemplate":"https:\/\/www.pantelco.be\/fr\/?s={search_term_string}"},"query-input":{"@type":"PropertyValueSpecification","valueRequired":true,"valueName":"search_term_string"}}],"inLanguage":"fr-FR"},{"@type":"Organization","@id":"https:\/\/www.pantelco.be\/fr\/#organization","name":"Pantelco","url":"https:\/\/www.pantelco.be\/fr\/","logo":{"@type":"ImageObject","inLanguage":"fr-FR","@id":"https:\/\/www.pantelco.be\/fr\/#\/schema\/logo\/image\/","url":"https:\/\/www.pantelco.be\/wp-content\/uploads\/pantelco-Voor-Customer-Service-en-Contact-Centers.png","contentUrl":"https:\/\/www.pantelco.be\/wp-content\/uploads\/pantelco-Voor-Customer-Service-en-Contact-Centers.png","width":752,"height":325,"caption":"Pantelco"},"image":{"@id":"https:\/\/www.pantelco.be\/fr\/#\/schema\/logo\/image\/"},"sameAs":["https:\/\/x.com\/pantelco","https:\/\/www.linkedin.com\/in\/pantelco"]}]}},"_links":{"self":[{"href":"https:\/\/www.pantelco.be\/fr\/wp-json\/wp\/v2\/pages\/13170","targetHints":{"allow":["GET"]}}],"collection":[{"href":"https:\/\/www.pantelco.be\/fr\/wp-json\/wp\/v2\/pages"}],"about":[{"href":"https:\/\/www.pantelco.be\/fr\/wp-json\/wp\/v2\/types\/page"}],"author":[{"embeddable":true,"href":"https:\/\/www.pantelco.be\/fr\/wp-json\/wp\/v2\/users\/9"}],"replies":[{"embeddable":true,"href":"https:\/\/www.pantelco.be\/fr\/wp-json\/wp\/v2\/comments?post=13170"}],"version-history":[{"count":6,"href":"https:\/\/www.pantelco.be\/fr\/wp-json\/wp\/v2\/pages\/13170\/revisions"}],"predecessor-version":[{"id":16387,"href":"https:\/\/www.pantelco.be\/fr\/wp-json\/wp\/v2\/pages\/13170\/revisions\/16387"}],"wp:attachment":[{"href":"https:\/\/www.pantelco.be\/fr\/wp-json\/wp\/v2\/media?parent=13170"}],"curies":[{"name":"wp","href":"https:\/\/api.w.org\/{rel}","templated":true}]}}